{"id":4365,"date":"2024-12-17T15:58:48","date_gmt":"2024-12-17T13:58:48","guid":{"rendered":"https:\/\/fi.strandproperties.com\/uudiskohteet-tampere\/"},"modified":"2025-10-24T08:03:08","modified_gmt":"2025-10-24T05:03:08","slug":"nybyggen-tammerfors","status":"publish","type":"page","link":"https:\/\/fi.strandproperties.com\/sv\/nybyggen-tammerfors\/","title":{"rendered":"Nybyggen Tammerfors"},"content":{"rendered":"","protected":false},"excerpt":{"rendered":"","protected":false},"author":3,"featured_media":4366,"parent":0,"menu_order":0,"comment_status":"closed","ping_status":"closed","template":"page-blocks-kivi.php","meta":{"_acf_changed":false,"footnotes":""},"class_list":["post-4365","page","type-page","status-publish","has-post-thumbnail","hentry"],"acf":[],"yoast_head":"<!-- This site is optimized with the Yoast SEO plugin v27.0 - https:\/\/yoast.com\/product\/yoast-seo-wordpress\/ -->\n<title>Nybyggen Tammerfors - Strand Suomi<\/title>\n<meta name=\"description\" content=\"Vi \u00e4r stolta \u00f6ver att f\u00e5 presentera v\u00e5ra nyproduktionsobjekt i Tammerfors som erbjuder en unik m\u00f6jlighet att uppleva modernt boende n\u00e4r det \u00e4r som b\u00e4st. Varje bostad har planerats med omsorg f\u00f6r att m\u00f6ta behoven hos olika familjer och individer, och kombinerar stilren arkitektur, v\u00e4lfungerande planl\u00f6sningar och h\u00f6gklassiga materialval.\" \/>\n<meta name=\"robots\" content=\"index, follow, max-snippet:-1, max-image-preview:large, max-video-preview:-1\" \/>\n<link rel=\"canonical\" href=\"https:\/\/fi.strandproperties.com\/sv\/nybyggen-tammerfors\/\" \/>\n<meta property=\"og:locale\" content=\"sv_SE\" \/>\n<meta property=\"og:type\" content=\"article\" \/>\n<meta property=\"og:title\" content=\"Nybyggen Tammerfors - Strand Suomi\" \/>\n<meta property=\"og:description\" content=\"Vi \u00e4r stolta \u00f6ver att f\u00e5 presentera v\u00e5ra nyproduktionsobjekt i Tammerfors som erbjuder en unik m\u00f6jlighet att uppleva modernt boende n\u00e4r det \u00e4r som b\u00e4st. Varje bostad har planerats med omsorg f\u00f6r att m\u00f6ta behoven hos olika familjer och individer, och kombinerar stilren arkitektur, v\u00e4lfungerande planl\u00f6sningar och h\u00f6gklassiga materialval.\" \/>\n<meta property=\"og:url\" content=\"https:\/\/fi.strandproperties.com\/sv\/nybyggen-tammerfors\/\" \/>\n<meta property=\"og:site_name\" content=\"Strand Suomi\" \/>\n<meta property=\"article:publisher\" content=\"https:\/\/www.facebook.com\/strandspain\" \/>\n<meta property=\"article:modified_time\" content=\"2025-10-24T05:03:08+00:00\" \/>\n<meta property=\"og:image\" content=\"https:\/\/fi.strandproperties.com\/wp-content\/uploads\/2024\/09\/A36_Parveke_Sepa\u0308nkatu-scaled.jpg\" \/>\n\t<meta property=\"og:image:width\" content=\"2560\" \/>\n\t<meta property=\"og:image:height\" content=\"1280\" \/>\n\t<meta property=\"og:image:type\" content=\"image\/jpeg\" \/>\n<meta name=\"twitter:card\" content=\"summary_large_image\" \/>\n<meta name=\"twitter:label1\" content=\"Ber\u00e4knad l\u00e4stid\" \/>\n\t<meta name=\"twitter:data1\" content=\"1 minut\" \/>\n<script type=\"application\/ld+json\" class=\"yoast-schema-graph\">{\"@context\":\"https:\/\/schema.org\",\"@graph\":[{\"@type\":\"WebPage\",\"@id\":\"https:\/\/fi.strandproperties.com\/sv\/nybyggen-tammerfors\/\",\"url\":\"https:\/\/fi.strandproperties.com\/sv\/nybyggen-tammerfors\/\",\"name\":\"Nybyggen Tammerfors - Strand Suomi\",\"isPartOf\":{\"@id\":\"https:\/\/fi.strandproperties.com\/sv\/#website\"},\"primaryImageOfPage\":{\"@id\":\"https:\/\/fi.strandproperties.com\/sv\/nybyggen-tammerfors\/#primaryimage\"},\"image\":{\"@id\":\"https:\/\/fi.strandproperties.com\/sv\/nybyggen-tammerfors\/#primaryimage\"},\"thumbnailUrl\":\"https:\/\/fi.strandproperties.com\/wp-content\/uploads\/2024\/09\/A36_Parveke_Sepa\u0308nkatu-scaled.jpg\",\"datePublished\":\"2024-12-17T13:58:48+00:00\",\"dateModified\":\"2025-10-24T05:03:08+00:00\",\"description\":\"Vi \u00e4r stolta \u00f6ver att f\u00e5 presentera v\u00e5ra nyproduktionsobjekt i Tammerfors som erbjuder en unik m\u00f6jlighet att uppleva modernt boende n\u00e4r det \u00e4r som b\u00e4st. Varje bostad har planerats med omsorg f\u00f6r att m\u00f6ta behoven hos olika familjer och individer, och kombinerar stilren arkitektur, v\u00e4lfungerande planl\u00f6sningar och h\u00f6gklassiga materialval.\",\"breadcrumb\":{\"@id\":\"https:\/\/fi.strandproperties.com\/sv\/nybyggen-tammerfors\/#breadcrumb\"},\"inLanguage\":\"sv-SE\",\"potentialAction\":[{\"@type\":\"ReadAction\",\"target\":[\"https:\/\/fi.strandproperties.com\/sv\/nybyggen-tammerfors\/\"]}]},{\"@type\":\"ImageObject\",\"inLanguage\":\"sv-SE\",\"@id\":\"https:\/\/fi.strandproperties.com\/sv\/nybyggen-tammerfors\/#primaryimage\",\"url\":\"https:\/\/fi.strandproperties.com\/wp-content\/uploads\/2024\/09\/A36_Parveke_Sepa\u0308nkatu-scaled.jpg\",\"contentUrl\":\"https:\/\/fi.strandproperties.com\/wp-content\/uploads\/2024\/09\/A36_Parveke_Sepa\u0308nkatu-scaled.jpg\",\"width\":2560,\"height\":1280},{\"@type\":\"BreadcrumbList\",\"@id\":\"https:\/\/fi.strandproperties.com\/sv\/nybyggen-tammerfors\/#breadcrumb\",\"itemListElement\":[{\"@type\":\"ListItem\",\"position\":1,\"name\":\"Home\",\"item\":\"https:\/\/fi.strandproperties.com\/sv\/\"},{\"@type\":\"ListItem\",\"position\":2,\"name\":\"Nybyggen Tammerfors\"}]},{\"@type\":\"WebSite\",\"@id\":\"https:\/\/fi.strandproperties.com\/sv\/#website\",\"url\":\"https:\/\/fi.strandproperties.com\/sv\/\",\"name\":\"Strand Suomi\",\"description\":\"\",\"publisher\":{\"@id\":\"https:\/\/fi.strandproperties.com\/sv\/#organization\"},\"potentialAction\":[{\"@type\":\"SearchAction\",\"target\":{\"@type\":\"EntryPoint\",\"urlTemplate\":\"https:\/\/fi.strandproperties.com\/sv\/?s={search_term_string}\"},\"query-input\":{\"@type\":\"PropertyValueSpecification\",\"valueRequired\":true,\"valueName\":\"search_term_string\"}}],\"inLanguage\":\"sv-SE\"},{\"@type\":\"Organization\",\"@id\":\"https:\/\/fi.strandproperties.com\/sv\/#organization\",\"name\":\"Strand Suomi\",\"url\":\"https:\/\/fi.strandproperties.com\/sv\/\",\"logo\":{\"@type\":\"ImageObject\",\"inLanguage\":\"sv-SE\",\"@id\":\"https:\/\/fi.strandproperties.com\/sv\/#\/schema\/logo\/image\/\",\"url\":\"https:\/\/fi.strandproperties.com\/wp-content\/uploads\/2024\/08\/logo_white.svg\",\"contentUrl\":\"https:\/\/fi.strandproperties.com\/wp-content\/uploads\/2024\/08\/logo_white.svg\",\"width\":676,\"height\":92,\"caption\":\"Strand Suomi\"},\"image\":{\"@id\":\"https:\/\/fi.strandproperties.com\/sv\/#\/schema\/logo\/image\/\"},\"sameAs\":[\"https:\/\/www.facebook.com\/strandspain\"]}]}<\/script>\n<!-- \/ Yoast SEO plugin. -->","yoast_head_json":{"title":"Nybyggen Tammerfors - Strand Suomi","description":"Vi \u00e4r stolta \u00f6ver att f\u00e5 presentera v\u00e5ra nyproduktionsobjekt i Tammerfors som erbjuder en unik m\u00f6jlighet att uppleva modernt boende n\u00e4r det \u00e4r som b\u00e4st. Varje bostad har planerats med omsorg f\u00f6r att m\u00f6ta behoven hos olika familjer och individer, och kombinerar stilren arkitektur, v\u00e4lfungerande planl\u00f6sningar och h\u00f6gklassiga materialval.","robots":{"index":"index","follow":"follow","max-snippet":"max-snippet:-1","max-image-preview":"max-image-preview:large","max-video-preview":"max-video-preview:-1"},"canonical":"https:\/\/fi.strandproperties.com\/sv\/nybyggen-tammerfors\/","og_locale":"sv_SE","og_type":"article","og_title":"Nybyggen Tammerfors - Strand Suomi","og_description":"Vi \u00e4r stolta \u00f6ver att f\u00e5 presentera v\u00e5ra nyproduktionsobjekt i Tammerfors som erbjuder en unik m\u00f6jlighet att uppleva modernt boende n\u00e4r det \u00e4r som b\u00e4st. Varje bostad har planerats med omsorg f\u00f6r att m\u00f6ta behoven hos olika familjer och individer, och kombinerar stilren arkitektur, v\u00e4lfungerande planl\u00f6sningar och h\u00f6gklassiga materialval.","og_url":"https:\/\/fi.strandproperties.com\/sv\/nybyggen-tammerfors\/","og_site_name":"Strand Suomi","article_publisher":"https:\/\/www.facebook.com\/strandspain","article_modified_time":"2025-10-24T05:03:08+00:00","og_image":[{"width":2560,"height":1280,"url":"https:\/\/fi.strandproperties.com\/wp-content\/uploads\/2024\/09\/A36_Parveke_Sepa\u0308nkatu-scaled.jpg","type":"image\/jpeg"}],"twitter_card":"summary_large_image","twitter_misc":{"Ber\u00e4knad l\u00e4stid":"1 minut"},"schema":{"@context":"https:\/\/schema.org","@graph":[{"@type":"WebPage","@id":"https:\/\/fi.strandproperties.com\/sv\/nybyggen-tammerfors\/","url":"https:\/\/fi.strandproperties.com\/sv\/nybyggen-tammerfors\/","name":"Nybyggen Tammerfors - Strand Suomi","isPartOf":{"@id":"https:\/\/fi.strandproperties.com\/sv\/#website"},"primaryImageOfPage":{"@id":"https:\/\/fi.strandproperties.com\/sv\/nybyggen-tammerfors\/#primaryimage"},"image":{"@id":"https:\/\/fi.strandproperties.com\/sv\/nybyggen-tammerfors\/#primaryimage"},"thumbnailUrl":"https:\/\/fi.strandproperties.com\/wp-content\/uploads\/2024\/09\/A36_Parveke_Sepa\u0308nkatu-scaled.jpg","datePublished":"2024-12-17T13:58:48+00:00","dateModified":"2025-10-24T05:03:08+00:00","description":"Vi \u00e4r stolta \u00f6ver att f\u00e5 presentera v\u00e5ra nyproduktionsobjekt i Tammerfors som erbjuder en unik m\u00f6jlighet att uppleva modernt boende n\u00e4r det \u00e4r som b\u00e4st. Varje bostad har planerats med omsorg f\u00f6r att m\u00f6ta behoven hos olika familjer och individer, och kombinerar stilren arkitektur, v\u00e4lfungerande planl\u00f6sningar och h\u00f6gklassiga materialval.","breadcrumb":{"@id":"https:\/\/fi.strandproperties.com\/sv\/nybyggen-tammerfors\/#breadcrumb"},"inLanguage":"sv-SE","potentialAction":[{"@type":"ReadAction","target":["https:\/\/fi.strandproperties.com\/sv\/nybyggen-tammerfors\/"]}]},{"@type":"ImageObject","inLanguage":"sv-SE","@id":"https:\/\/fi.strandproperties.com\/sv\/nybyggen-tammerfors\/#primaryimage","url":"https:\/\/fi.strandproperties.com\/wp-content\/uploads\/2024\/09\/A36_Parveke_Sepa\u0308nkatu-scaled.jpg","contentUrl":"https:\/\/fi.strandproperties.com\/wp-content\/uploads\/2024\/09\/A36_Parveke_Sepa\u0308nkatu-scaled.jpg","width":2560,"height":1280},{"@type":"BreadcrumbList","@id":"https:\/\/fi.strandproperties.com\/sv\/nybyggen-tammerfors\/#breadcrumb","itemListElement":[{"@type":"ListItem","position":1,"name":"Home","item":"https:\/\/fi.strandproperties.com\/sv\/"},{"@type":"ListItem","position":2,"name":"Nybyggen Tammerfors"}]},{"@type":"WebSite","@id":"https:\/\/fi.strandproperties.com\/sv\/#website","url":"https:\/\/fi.strandproperties.com\/sv\/","name":"Strand Suomi","description":"","publisher":{"@id":"https:\/\/fi.strandproperties.com\/sv\/#organization"},"potentialAction":[{"@type":"SearchAction","target":{"@type":"EntryPoint","urlTemplate":"https:\/\/fi.strandproperties.com\/sv\/?s={search_term_string}"},"query-input":{"@type":"PropertyValueSpecification","valueRequired":true,"valueName":"search_term_string"}}],"inLanguage":"sv-SE"},{"@type":"Organization","@id":"https:\/\/fi.strandproperties.com\/sv\/#organization","name":"Strand Suomi","url":"https:\/\/fi.strandproperties.com\/sv\/","logo":{"@type":"ImageObject","inLanguage":"sv-SE","@id":"https:\/\/fi.strandproperties.com\/sv\/#\/schema\/logo\/image\/","url":"https:\/\/fi.strandproperties.com\/wp-content\/uploads\/2024\/08\/logo_white.svg","contentUrl":"https:\/\/fi.strandproperties.com\/wp-content\/uploads\/2024\/08\/logo_white.svg","width":676,"height":92,"caption":"Strand Suomi"},"image":{"@id":"https:\/\/fi.strandproperties.com\/sv\/#\/schema\/logo\/image\/"},"sameAs":["https:\/\/www.facebook.com\/strandspain"]}]}},"_links":{"self":[{"href":"https:\/\/fi.strandproperties.com\/sv\/wp-json\/wp\/v2\/pages\/4365","targetHints":{"allow":["GET"]}}],"collection":[{"href":"https:\/\/fi.strandproperties.com\/sv\/wp-json\/wp\/v2\/pages"}],"about":[{"href":"https:\/\/fi.strandproperties.com\/sv\/wp-json\/wp\/v2\/types\/page"}],"author":[{"embeddable":true,"href":"https:\/\/fi.strandproperties.com\/sv\/wp-json\/wp\/v2\/users\/3"}],"replies":[{"embeddable":true,"href":"https:\/\/fi.strandproperties.com\/sv\/wp-json\/wp\/v2\/comments?post=4365"}],"version-history":[{"count":5,"href":"https:\/\/fi.strandproperties.com\/sv\/wp-json\/wp\/v2\/pages\/4365\/revisions"}],"predecessor-version":[{"id":6318,"href":"https:\/\/fi.strandproperties.com\/sv\/wp-json\/wp\/v2\/pages\/4365\/revisions\/6318"}],"wp:featuredmedia":[{"embeddable":true,"href":"https:\/\/fi.strandproperties.com\/sv\/wp-json\/wp\/v2\/media\/4366"}],"wp:attachment":[{"href":"https:\/\/fi.strandproperties.com\/sv\/wp-json\/wp\/v2\/media?parent=4365"}],"curies":[{"name":"wp","href":"https:\/\/api.w.org\/{rel}","templated":true}]}}