{"id":4457,"date":"2024-08-22T13:51:07","date_gmt":"2024-08-22T10:51:07","guid":{"rendered":"https:\/\/fi.strandproperties.com\/tampere\/"},"modified":"2025-10-28T08:00:07","modified_gmt":"2025-10-28T06:00:07","slug":"tammerfors","status":"publish","type":"page","link":"https:\/\/fi.strandproperties.com\/sv\/tammerfors\/","title":{"rendered":"Strand Tammerfors"},"content":{"rendered":"","protected":false},"excerpt":{"rendered":"","protected":false},"author":1,"featured_media":4458,"parent":0,"menu_order":0,"comment_status":"closed","ping_status":"closed","template":"page-blocks-kivi.php","meta":{"_acf_changed":false,"footnotes":""},"class_list":["post-4457","page","type-page","status-publish","has-post-thumbnail","hentry"],"acf":[],"yoast_head":"<!-- This site is optimized with the Yoast SEO plugin v27.0 - https:\/\/yoast.com\/product\/yoast-seo-wordpress\/ -->\n<title>Strand Tammerfors - Strand Suomi<\/title>\n<meta name=\"description\" content=\"I Strand Properties teamet i Tammerfors arbetar n\u00e5gra av branschens fr\u00e4msta fastighetsm\u00e4klare. Var och en av v\u00e5ra m\u00e4klare har flera \u00e5rs erfarenhet, djupg\u00e5ende kunskap om v\u00e4rdefulla bost\u00e4der och en genuin passion f\u00f6r att erbjuda exklusiv service till varje kund.\" \/>\n<meta name=\"robots\" content=\"index, follow, max-snippet:-1, max-image-preview:large, max-video-preview:-1\" \/>\n<link rel=\"canonical\" href=\"https:\/\/fi.strandproperties.com\/sv\/tammerfors\/\" \/>\n<meta property=\"og:locale\" content=\"sv_SE\" \/>\n<meta property=\"og:type\" content=\"article\" \/>\n<meta property=\"og:title\" content=\"Strand Tammerfors - Strand Suomi\" \/>\n<meta property=\"og:description\" content=\"I Strand Properties teamet i Tammerfors arbetar n\u00e5gra av branschens fr\u00e4msta fastighetsm\u00e4klare. Var och en av v\u00e5ra m\u00e4klare har flera \u00e5rs erfarenhet, djupg\u00e5ende kunskap om v\u00e4rdefulla bost\u00e4der och en genuin passion f\u00f6r att erbjuda exklusiv service till varje kund.\" \/>\n<meta property=\"og:url\" content=\"https:\/\/fi.strandproperties.com\/sv\/tammerfors\/\" \/>\n<meta property=\"og:site_name\" content=\"Strand Suomi\" \/>\n<meta property=\"article:publisher\" content=\"https:\/\/www.facebook.com\/strandspain\" \/>\n<meta property=\"article:modified_time\" content=\"2025-10-28T06:00:07+00:00\" \/>\n<meta property=\"og:image\" content=\"https:\/\/fi.strandproperties.com\/wp-content\/uploads\/2024\/10\/Tampere_cam3_final-scaled.jpg\" \/>\n\t<meta property=\"og:image:width\" content=\"2048\" \/>\n\t<meta property=\"og:image:height\" content=\"2560\" \/>\n\t<meta property=\"og:image:type\" content=\"image\/jpeg\" \/>\n<meta name=\"twitter:card\" content=\"summary_large_image\" \/>\n<meta name=\"twitter:label1\" content=\"Ber\u00e4knad l\u00e4stid\" \/>\n\t<meta name=\"twitter:data1\" content=\"1 minut\" \/>\n<script type=\"application\/ld+json\" class=\"yoast-schema-graph\">{\"@context\":\"https:\/\/schema.org\",\"@graph\":[{\"@type\":\"WebPage\",\"@id\":\"https:\/\/fi.strandproperties.com\/sv\/tammerfors\/\",\"url\":\"https:\/\/fi.strandproperties.com\/sv\/tammerfors\/\",\"name\":\"Strand Tammerfors - Strand Suomi\",\"isPartOf\":{\"@id\":\"https:\/\/fi.strandproperties.com\/sv\/#website\"},\"primaryImageOfPage\":{\"@id\":\"https:\/\/fi.strandproperties.com\/sv\/tammerfors\/#primaryimage\"},\"image\":{\"@id\":\"https:\/\/fi.strandproperties.com\/sv\/tammerfors\/#primaryimage\"},\"thumbnailUrl\":\"https:\/\/fi.strandproperties.com\/wp-content\/uploads\/2024\/10\/Tampere_cam3_final-scaled.jpg\",\"datePublished\":\"2024-08-22T10:51:07+00:00\",\"dateModified\":\"2025-10-28T06:00:07+00:00\",\"description\":\"I Strand Properties teamet i Tammerfors arbetar n\u00e5gra av branschens fr\u00e4msta fastighetsm\u00e4klare. Var och en av v\u00e5ra m\u00e4klare har flera \u00e5rs erfarenhet, djupg\u00e5ende kunskap om v\u00e4rdefulla bost\u00e4der och en genuin passion f\u00f6r att erbjuda exklusiv service till varje kund.\",\"breadcrumb\":{\"@id\":\"https:\/\/fi.strandproperties.com\/sv\/tammerfors\/#breadcrumb\"},\"inLanguage\":\"sv-SE\",\"potentialAction\":[{\"@type\":\"ReadAction\",\"target\":[\"https:\/\/fi.strandproperties.com\/sv\/tammerfors\/\"]}]},{\"@type\":\"ImageObject\",\"inLanguage\":\"sv-SE\",\"@id\":\"https:\/\/fi.strandproperties.com\/sv\/tammerfors\/#primaryimage\",\"url\":\"https:\/\/fi.strandproperties.com\/wp-content\/uploads\/2024\/10\/Tampere_cam3_final-scaled.jpg\",\"contentUrl\":\"https:\/\/fi.strandproperties.com\/wp-content\/uploads\/2024\/10\/Tampere_cam3_final-scaled.jpg\",\"width\":2048,\"height\":2560},{\"@type\":\"BreadcrumbList\",\"@id\":\"https:\/\/fi.strandproperties.com\/sv\/tammerfors\/#breadcrumb\",\"itemListElement\":[{\"@type\":\"ListItem\",\"position\":1,\"name\":\"Home\",\"item\":\"https:\/\/fi.strandproperties.com\/sv\/\"},{\"@type\":\"ListItem\",\"position\":2,\"name\":\"Strand Tammerfors\"}]},{\"@type\":\"WebSite\",\"@id\":\"https:\/\/fi.strandproperties.com\/sv\/#website\",\"url\":\"https:\/\/fi.strandproperties.com\/sv\/\",\"name\":\"Strand Suomi\",\"description\":\"\",\"publisher\":{\"@id\":\"https:\/\/fi.strandproperties.com\/sv\/#organization\"},\"potentialAction\":[{\"@type\":\"SearchAction\",\"target\":{\"@type\":\"EntryPoint\",\"urlTemplate\":\"https:\/\/fi.strandproperties.com\/sv\/?s={search_term_string}\"},\"query-input\":{\"@type\":\"PropertyValueSpecification\",\"valueRequired\":true,\"valueName\":\"search_term_string\"}}],\"inLanguage\":\"sv-SE\"},{\"@type\":\"Organization\",\"@id\":\"https:\/\/fi.strandproperties.com\/sv\/#organization\",\"name\":\"Strand Suomi\",\"url\":\"https:\/\/fi.strandproperties.com\/sv\/\",\"logo\":{\"@type\":\"ImageObject\",\"inLanguage\":\"sv-SE\",\"@id\":\"https:\/\/fi.strandproperties.com\/sv\/#\/schema\/logo\/image\/\",\"url\":\"https:\/\/fi.strandproperties.com\/wp-content\/uploads\/2024\/08\/logo_white.svg\",\"contentUrl\":\"https:\/\/fi.strandproperties.com\/wp-content\/uploads\/2024\/08\/logo_white.svg\",\"width\":676,\"height\":92,\"caption\":\"Strand Suomi\"},\"image\":{\"@id\":\"https:\/\/fi.strandproperties.com\/sv\/#\/schema\/logo\/image\/\"},\"sameAs\":[\"https:\/\/www.facebook.com\/strandspain\"]}]}<\/script>\n<!-- \/ Yoast SEO plugin. -->","yoast_head_json":{"title":"Strand Tammerfors - Strand Suomi","description":"I Strand Properties teamet i Tammerfors arbetar n\u00e5gra av branschens fr\u00e4msta fastighetsm\u00e4klare. Var och en av v\u00e5ra m\u00e4klare har flera \u00e5rs erfarenhet, djupg\u00e5ende kunskap om v\u00e4rdefulla bost\u00e4der och en genuin passion f\u00f6r att erbjuda exklusiv service till varje kund.","robots":{"index":"index","follow":"follow","max-snippet":"max-snippet:-1","max-image-preview":"max-image-preview:large","max-video-preview":"max-video-preview:-1"},"canonical":"https:\/\/fi.strandproperties.com\/sv\/tammerfors\/","og_locale":"sv_SE","og_type":"article","og_title":"Strand Tammerfors - Strand Suomi","og_description":"I Strand Properties teamet i Tammerfors arbetar n\u00e5gra av branschens fr\u00e4msta fastighetsm\u00e4klare. Var och en av v\u00e5ra m\u00e4klare har flera \u00e5rs erfarenhet, djupg\u00e5ende kunskap om v\u00e4rdefulla bost\u00e4der och en genuin passion f\u00f6r att erbjuda exklusiv service till varje kund.","og_url":"https:\/\/fi.strandproperties.com\/sv\/tammerfors\/","og_site_name":"Strand Suomi","article_publisher":"https:\/\/www.facebook.com\/strandspain","article_modified_time":"2025-10-28T06:00:07+00:00","og_image":[{"width":2048,"height":2560,"url":"https:\/\/fi.strandproperties.com\/wp-content\/uploads\/2024\/10\/Tampere_cam3_final-scaled.jpg","type":"image\/jpeg"}],"twitter_card":"summary_large_image","twitter_misc":{"Ber\u00e4knad l\u00e4stid":"1 minut"},"schema":{"@context":"https:\/\/schema.org","@graph":[{"@type":"WebPage","@id":"https:\/\/fi.strandproperties.com\/sv\/tammerfors\/","url":"https:\/\/fi.strandproperties.com\/sv\/tammerfors\/","name":"Strand Tammerfors - Strand Suomi","isPartOf":{"@id":"https:\/\/fi.strandproperties.com\/sv\/#website"},"primaryImageOfPage":{"@id":"https:\/\/fi.strandproperties.com\/sv\/tammerfors\/#primaryimage"},"image":{"@id":"https:\/\/fi.strandproperties.com\/sv\/tammerfors\/#primaryimage"},"thumbnailUrl":"https:\/\/fi.strandproperties.com\/wp-content\/uploads\/2024\/10\/Tampere_cam3_final-scaled.jpg","datePublished":"2024-08-22T10:51:07+00:00","dateModified":"2025-10-28T06:00:07+00:00","description":"I Strand Properties teamet i Tammerfors arbetar n\u00e5gra av branschens fr\u00e4msta fastighetsm\u00e4klare. Var och en av v\u00e5ra m\u00e4klare har flera \u00e5rs erfarenhet, djupg\u00e5ende kunskap om v\u00e4rdefulla bost\u00e4der och en genuin passion f\u00f6r att erbjuda exklusiv service till varje kund.","breadcrumb":{"@id":"https:\/\/fi.strandproperties.com\/sv\/tammerfors\/#breadcrumb"},"inLanguage":"sv-SE","potentialAction":[{"@type":"ReadAction","target":["https:\/\/fi.strandproperties.com\/sv\/tammerfors\/"]}]},{"@type":"ImageObject","inLanguage":"sv-SE","@id":"https:\/\/fi.strandproperties.com\/sv\/tammerfors\/#primaryimage","url":"https:\/\/fi.strandproperties.com\/wp-content\/uploads\/2024\/10\/Tampere_cam3_final-scaled.jpg","contentUrl":"https:\/\/fi.strandproperties.com\/wp-content\/uploads\/2024\/10\/Tampere_cam3_final-scaled.jpg","width":2048,"height":2560},{"@type":"BreadcrumbList","@id":"https:\/\/fi.strandproperties.com\/sv\/tammerfors\/#breadcrumb","itemListElement":[{"@type":"ListItem","position":1,"name":"Home","item":"https:\/\/fi.strandproperties.com\/sv\/"},{"@type":"ListItem","position":2,"name":"Strand Tammerfors"}]},{"@type":"WebSite","@id":"https:\/\/fi.strandproperties.com\/sv\/#website","url":"https:\/\/fi.strandproperties.com\/sv\/","name":"Strand Suomi","description":"","publisher":{"@id":"https:\/\/fi.strandproperties.com\/sv\/#organization"},"potentialAction":[{"@type":"SearchAction","target":{"@type":"EntryPoint","urlTemplate":"https:\/\/fi.strandproperties.com\/sv\/?s={search_term_string}"},"query-input":{"@type":"PropertyValueSpecification","valueRequired":true,"valueName":"search_term_string"}}],"inLanguage":"sv-SE"},{"@type":"Organization","@id":"https:\/\/fi.strandproperties.com\/sv\/#organization","name":"Strand Suomi","url":"https:\/\/fi.strandproperties.com\/sv\/","logo":{"@type":"ImageObject","inLanguage":"sv-SE","@id":"https:\/\/fi.strandproperties.com\/sv\/#\/schema\/logo\/image\/","url":"https:\/\/fi.strandproperties.com\/wp-content\/uploads\/2024\/08\/logo_white.svg","contentUrl":"https:\/\/fi.strandproperties.com\/wp-content\/uploads\/2024\/08\/logo_white.svg","width":676,"height":92,"caption":"Strand Suomi"},"image":{"@id":"https:\/\/fi.strandproperties.com\/sv\/#\/schema\/logo\/image\/"},"sameAs":["https:\/\/www.facebook.com\/strandspain"]}]}},"_links":{"self":[{"href":"https:\/\/fi.strandproperties.com\/sv\/wp-json\/wp\/v2\/pages\/4457","targetHints":{"allow":["GET"]}}],"collection":[{"href":"https:\/\/fi.strandproperties.com\/sv\/wp-json\/wp\/v2\/pages"}],"about":[{"href":"https:\/\/fi.strandproperties.com\/sv\/wp-json\/wp\/v2\/types\/page"}],"author":[{"embeddable":true,"href":"https:\/\/fi.strandproperties.com\/sv\/wp-json\/wp\/v2\/users\/1"}],"replies":[{"embeddable":true,"href":"https:\/\/fi.strandproperties.com\/sv\/wp-json\/wp\/v2\/comments?post=4457"}],"version-history":[{"count":4,"href":"https:\/\/fi.strandproperties.com\/sv\/wp-json\/wp\/v2\/pages\/4457\/revisions"}],"predecessor-version":[{"id":6374,"href":"https:\/\/fi.strandproperties.com\/sv\/wp-json\/wp\/v2\/pages\/4457\/revisions\/6374"}],"wp:featuredmedia":[{"embeddable":true,"href":"https:\/\/fi.strandproperties.com\/sv\/wp-json\/wp\/v2\/media\/4458"}],"wp:attachment":[{"href":"https:\/\/fi.strandproperties.com\/sv\/wp-json\/wp\/v2\/media?parent=4457"}],"curies":[{"name":"wp","href":"https:\/\/api.w.org\/{rel}","templated":true}]}}