{"id":4574,"date":"2024-09-10T10:07:27","date_gmt":"2024-09-10T07:07:27","guid":{"rendered":"https:\/\/fi.strandproperties.com\/vardering\/hinnasto\/"},"modified":"2025-10-24T07:59:00","modified_gmt":"2025-10-24T04:59:00","slug":"priser","status":"publish","type":"page","link":"https:\/\/fi.strandproperties.com\/sv\/vardering\/priser\/","title":{"rendered":"V\u00e5ra priser"},"content":{"rendered":"<p>V\u00e4lityspalkkiomme on 5 % (sis. alv 25,5 %) velattomasta kauppahinnasta tai sopimuksen mukaan, v\u00e4himm\u00e4ispalkkio on 4500 euroa.<\/p>\n<p>Strand Properties Brand Partnerit laativat jokaiselle v\u00e4lityskohteelle yksil\u00f6llisen tarjouksen, jolla varmistamme parhaan mahdollisen lopputuloksen ja juuri oikeanlaisen markkinoinnin.<\/p>\n<p>Strand Properties tekee yhteisty\u00f6t\u00e4 muiden v\u00e4litysliikkeiden kanssa sek\u00e4 Suomessa ett\u00e4 ulkomailla. Myyj\u00e4n suostumuksella Strand Propertiesin myynniss\u00e4 olevaan kohteeseen voidaan tuoda ostaja-asiakas, jota edustaa toinen v\u00e4litysliike. Strand Propertiesin v\u00e4litt\u00e4j\u00e4 on aina l\u00e4sn\u00e4 n\u00e4yt\u00f6ill\u00e4 ja vastaa myynnist\u00e4 myyj\u00e4lle. Myyj\u00e4 maksaa vain yhden v\u00e4lityspalkkion Strand Propertiesille. Strand Properties maksaa korvauksen yhteisty\u00f6v\u00e4litysliikkeelle kaupan j\u00e4lkeen.<\/p>\n","protected":false},"excerpt":{"rendered":"<p>V\u00e4lityspalkkiomme on 5 % (sis. alv 25,5 %) velattomasta kauppahinnasta tai sopimuksen mukaan, v\u00e4himm\u00e4ispalkkio on 4500 euroa. Strand Properties Brand Partnerit laativat jokaiselle v\u00e4lityskohteelle yksil\u00f6llisen tarjouksen, jolla varmistamme parhaan mahdollisen lopputuloksen ja juuri oikeanlaisen markkinoinnin. Strand Properties tekee yhteisty\u00f6t\u00e4 muiden v\u00e4litysliikkeiden kanssa sek\u00e4 Suomessa ett\u00e4 ulkomailla. Myyj\u00e4n suostumuksella Strand Propertiesin myynniss\u00e4 olevaan kohteeseen voidaan tuoda [&hellip;]<\/p>\n","protected":false},"author":3,"featured_media":0,"parent":4310,"menu_order":0,"comment_status":"closed","ping_status":"closed","template":"page-blocks-kivi.php","meta":{"_acf_changed":false,"footnotes":""},"class_list":["post-4574","page","type-page","status-publish","hentry"],"acf":[],"yoast_head":"<!-- This site is optimized with the Yoast SEO plugin v27.0 - https:\/\/yoast.com\/product\/yoast-seo-wordpress\/ -->\n<title>V\u00e5ra priser - Strand Suomi<\/title>\n<meta name=\"description\" content=\"V\u00e5ra Strand Properties Brand Partners l\u00e4mnar individuella erbjudanden f\u00f6r varje bostadsobjekt. P\u00e5 s\u00e5 s\u00e4tt kan vi s\u00e4kerst\u00e4lla b\u00e4sta m\u00f6jliga resultat och r\u00e4tt marknadsf\u00f6ring.\" \/>\n<meta name=\"robots\" content=\"index, follow, max-snippet:-1, max-image-preview:large, max-video-preview:-1\" \/>\n<link rel=\"canonical\" href=\"https:\/\/fi.strandproperties.com\/sv\/vardering\/priser\/\" \/>\n<meta property=\"og:locale\" content=\"sv_SE\" \/>\n<meta property=\"og:type\" content=\"article\" \/>\n<meta property=\"og:title\" content=\"V\u00e5ra priser - Strand Suomi\" \/>\n<meta property=\"og:description\" content=\"V\u00e5ra Strand Properties Brand Partners l\u00e4mnar individuella erbjudanden f\u00f6r varje bostadsobjekt. P\u00e5 s\u00e5 s\u00e4tt kan vi s\u00e4kerst\u00e4lla b\u00e4sta m\u00f6jliga resultat och r\u00e4tt marknadsf\u00f6ring.\" \/>\n<meta property=\"og:url\" content=\"https:\/\/fi.strandproperties.com\/sv\/vardering\/priser\/\" \/>\n<meta property=\"og:site_name\" content=\"Strand Suomi\" \/>\n<meta property=\"article:publisher\" content=\"https:\/\/www.facebook.com\/strandspain\" \/>\n<meta property=\"article:modified_time\" content=\"2025-10-24T04:59:00+00:00\" \/>\n<meta property=\"og:image\" content=\"https:\/\/fi.strandproperties.com\/wp-content\/uploads\/2025\/03\/strand-properties-logo.jpg\" \/>\n\t<meta property=\"og:image:width\" content=\"1200\" \/>\n\t<meta property=\"og:image:height\" content=\"750\" \/>\n\t<meta property=\"og:image:type\" content=\"image\/jpeg\" \/>\n<meta name=\"twitter:card\" content=\"summary_large_image\" \/>\n<meta name=\"twitter:label1\" content=\"Ber\u00e4knad l\u00e4stid\" \/>\n\t<meta name=\"twitter:data1\" content=\"1 minut\" \/>\n<script type=\"application\/ld+json\" class=\"yoast-schema-graph\">{\"@context\":\"https:\/\/schema.org\",\"@graph\":[{\"@type\":\"WebPage\",\"@id\":\"https:\/\/fi.strandproperties.com\/sv\/vardering\/priser\/\",\"url\":\"https:\/\/fi.strandproperties.com\/sv\/vardering\/priser\/\",\"name\":\"V\u00e5ra priser - Strand Suomi\",\"isPartOf\":{\"@id\":\"https:\/\/fi.strandproperties.com\/sv\/#website\"},\"datePublished\":\"2024-09-10T07:07:27+00:00\",\"dateModified\":\"2025-10-24T04:59:00+00:00\",\"description\":\"V\u00e5ra Strand Properties Brand Partners l\u00e4mnar individuella erbjudanden f\u00f6r varje bostadsobjekt. P\u00e5 s\u00e5 s\u00e4tt kan vi s\u00e4kerst\u00e4lla b\u00e4sta m\u00f6jliga resultat och r\u00e4tt marknadsf\u00f6ring.\",\"breadcrumb\":{\"@id\":\"https:\/\/fi.strandproperties.com\/sv\/vardering\/priser\/#breadcrumb\"},\"inLanguage\":\"sv-SE\",\"potentialAction\":[{\"@type\":\"ReadAction\",\"target\":[\"https:\/\/fi.strandproperties.com\/sv\/vardering\/priser\/\"]}]},{\"@type\":\"BreadcrumbList\",\"@id\":\"https:\/\/fi.strandproperties.com\/sv\/vardering\/priser\/#breadcrumb\",\"itemListElement\":[{\"@type\":\"ListItem\",\"position\":1,\"name\":\"Home\",\"item\":\"https:\/\/fi.strandproperties.com\/sv\/\"},{\"@type\":\"ListItem\",\"position\":2,\"name\":\"Boka v\u00e4rdering\",\"item\":\"https:\/\/fi.strandproperties.com\/sv\/vardering\/\"},{\"@type\":\"ListItem\",\"position\":3,\"name\":\"V\u00e5ra priser\"}]},{\"@type\":\"WebSite\",\"@id\":\"https:\/\/fi.strandproperties.com\/sv\/#website\",\"url\":\"https:\/\/fi.strandproperties.com\/sv\/\",\"name\":\"Strand Suomi\",\"description\":\"\",\"publisher\":{\"@id\":\"https:\/\/fi.strandproperties.com\/sv\/#organization\"},\"potentialAction\":[{\"@type\":\"SearchAction\",\"target\":{\"@type\":\"EntryPoint\",\"urlTemplate\":\"https:\/\/fi.strandproperties.com\/sv\/?s={search_term_string}\"},\"query-input\":{\"@type\":\"PropertyValueSpecification\",\"valueRequired\":true,\"valueName\":\"search_term_string\"}}],\"inLanguage\":\"sv-SE\"},{\"@type\":\"Organization\",\"@id\":\"https:\/\/fi.strandproperties.com\/sv\/#organization\",\"name\":\"Strand Suomi\",\"url\":\"https:\/\/fi.strandproperties.com\/sv\/\",\"logo\":{\"@type\":\"ImageObject\",\"inLanguage\":\"sv-SE\",\"@id\":\"https:\/\/fi.strandproperties.com\/sv\/#\/schema\/logo\/image\/\",\"url\":\"https:\/\/fi.strandproperties.com\/wp-content\/uploads\/2024\/08\/logo_white.svg\",\"contentUrl\":\"https:\/\/fi.strandproperties.com\/wp-content\/uploads\/2024\/08\/logo_white.svg\",\"width\":676,\"height\":92,\"caption\":\"Strand Suomi\"},\"image\":{\"@id\":\"https:\/\/fi.strandproperties.com\/sv\/#\/schema\/logo\/image\/\"},\"sameAs\":[\"https:\/\/www.facebook.com\/strandspain\"]}]}<\/script>\n<!-- \/ Yoast SEO plugin. -->","yoast_head_json":{"title":"V\u00e5ra priser - Strand Suomi","description":"V\u00e5ra Strand Properties Brand Partners l\u00e4mnar individuella erbjudanden f\u00f6r varje bostadsobjekt. P\u00e5 s\u00e5 s\u00e4tt kan vi s\u00e4kerst\u00e4lla b\u00e4sta m\u00f6jliga resultat och r\u00e4tt marknadsf\u00f6ring.","robots":{"index":"index","follow":"follow","max-snippet":"max-snippet:-1","max-image-preview":"max-image-preview:large","max-video-preview":"max-video-preview:-1"},"canonical":"https:\/\/fi.strandproperties.com\/sv\/vardering\/priser\/","og_locale":"sv_SE","og_type":"article","og_title":"V\u00e5ra priser - Strand Suomi","og_description":"V\u00e5ra Strand Properties Brand Partners l\u00e4mnar individuella erbjudanden f\u00f6r varje bostadsobjekt. P\u00e5 s\u00e5 s\u00e4tt kan vi s\u00e4kerst\u00e4lla b\u00e4sta m\u00f6jliga resultat och r\u00e4tt marknadsf\u00f6ring.","og_url":"https:\/\/fi.strandproperties.com\/sv\/vardering\/priser\/","og_site_name":"Strand Suomi","article_publisher":"https:\/\/www.facebook.com\/strandspain","article_modified_time":"2025-10-24T04:59:00+00:00","og_image":[{"width":1200,"height":750,"url":"https:\/\/fi.strandproperties.com\/wp-content\/uploads\/2025\/03\/strand-properties-logo.jpg","type":"image\/jpeg"}],"twitter_card":"summary_large_image","twitter_misc":{"Ber\u00e4knad l\u00e4stid":"1 minut"},"schema":{"@context":"https:\/\/schema.org","@graph":[{"@type":"WebPage","@id":"https:\/\/fi.strandproperties.com\/sv\/vardering\/priser\/","url":"https:\/\/fi.strandproperties.com\/sv\/vardering\/priser\/","name":"V\u00e5ra priser - Strand Suomi","isPartOf":{"@id":"https:\/\/fi.strandproperties.com\/sv\/#website"},"datePublished":"2024-09-10T07:07:27+00:00","dateModified":"2025-10-24T04:59:00+00:00","description":"V\u00e5ra Strand Properties Brand Partners l\u00e4mnar individuella erbjudanden f\u00f6r varje bostadsobjekt. P\u00e5 s\u00e5 s\u00e4tt kan vi s\u00e4kerst\u00e4lla b\u00e4sta m\u00f6jliga resultat och r\u00e4tt marknadsf\u00f6ring.","breadcrumb":{"@id":"https:\/\/fi.strandproperties.com\/sv\/vardering\/priser\/#breadcrumb"},"inLanguage":"sv-SE","potentialAction":[{"@type":"ReadAction","target":["https:\/\/fi.strandproperties.com\/sv\/vardering\/priser\/"]}]},{"@type":"BreadcrumbList","@id":"https:\/\/fi.strandproperties.com\/sv\/vardering\/priser\/#breadcrumb","itemListElement":[{"@type":"ListItem","position":1,"name":"Home","item":"https:\/\/fi.strandproperties.com\/sv\/"},{"@type":"ListItem","position":2,"name":"Boka v\u00e4rdering","item":"https:\/\/fi.strandproperties.com\/sv\/vardering\/"},{"@type":"ListItem","position":3,"name":"V\u00e5ra priser"}]},{"@type":"WebSite","@id":"https:\/\/fi.strandproperties.com\/sv\/#website","url":"https:\/\/fi.strandproperties.com\/sv\/","name":"Strand Suomi","description":"","publisher":{"@id":"https:\/\/fi.strandproperties.com\/sv\/#organization"},"potentialAction":[{"@type":"SearchAction","target":{"@type":"EntryPoint","urlTemplate":"https:\/\/fi.strandproperties.com\/sv\/?s={search_term_string}"},"query-input":{"@type":"PropertyValueSpecification","valueRequired":true,"valueName":"search_term_string"}}],"inLanguage":"sv-SE"},{"@type":"Organization","@id":"https:\/\/fi.strandproperties.com\/sv\/#organization","name":"Strand Suomi","url":"https:\/\/fi.strandproperties.com\/sv\/","logo":{"@type":"ImageObject","inLanguage":"sv-SE","@id":"https:\/\/fi.strandproperties.com\/sv\/#\/schema\/logo\/image\/","url":"https:\/\/fi.strandproperties.com\/wp-content\/uploads\/2024\/08\/logo_white.svg","contentUrl":"https:\/\/fi.strandproperties.com\/wp-content\/uploads\/2024\/08\/logo_white.svg","width":676,"height":92,"caption":"Strand Suomi"},"image":{"@id":"https:\/\/fi.strandproperties.com\/sv\/#\/schema\/logo\/image\/"},"sameAs":["https:\/\/www.facebook.com\/strandspain"]}]}},"_links":{"self":[{"href":"https:\/\/fi.strandproperties.com\/sv\/wp-json\/wp\/v2\/pages\/4574","targetHints":{"allow":["GET"]}}],"collection":[{"href":"https:\/\/fi.strandproperties.com\/sv\/wp-json\/wp\/v2\/pages"}],"about":[{"href":"https:\/\/fi.strandproperties.com\/sv\/wp-json\/wp\/v2\/types\/page"}],"author":[{"embeddable":true,"href":"https:\/\/fi.strandproperties.com\/sv\/wp-json\/wp\/v2\/users\/3"}],"replies":[{"embeddable":true,"href":"https:\/\/fi.strandproperties.com\/sv\/wp-json\/wp\/v2\/comments?post=4574"}],"version-history":[{"count":4,"href":"https:\/\/fi.strandproperties.com\/sv\/wp-json\/wp\/v2\/pages\/4574\/revisions"}],"predecessor-version":[{"id":6315,"href":"https:\/\/fi.strandproperties.com\/sv\/wp-json\/wp\/v2\/pages\/4574\/revisions\/6315"}],"up":[{"embeddable":true,"href":"https:\/\/fi.strandproperties.com\/sv\/wp-json\/wp\/v2\/pages\/4310"}],"wp:attachment":[{"href":"https:\/\/fi.strandproperties.com\/sv\/wp-json\/wp\/v2\/media?parent=4574"}],"curies":[{"name":"wp","href":"https:\/\/api.w.org\/{rel}","templated":true}]}}