{"id":7317,"date":"2026-02-16T13:41:57","date_gmt":"2026-02-16T11:41:57","guid":{"rendered":"https:\/\/fi.strandproperties.com\/?page_id=7317"},"modified":"2026-02-19T08:15:29","modified_gmt":"2026-02-19T06:15:29","slug":"hango","status":"publish","type":"page","link":"https:\/\/fi.strandproperties.com\/sv\/hango\/","title":{"rendered":"Strand Hang\u00f6"},"content":{"rendered":"","protected":false},"excerpt":{"rendered":"","protected":false},"author":12,"featured_media":0,"parent":0,"menu_order":0,"comment_status":"closed","ping_status":"closed","template":"page-blocks-kivi.php","meta":{"_acf_changed":false,"footnotes":""},"class_list":["post-7317","page","type-page","status-publish","hentry"],"acf":[],"yoast_head":"<!-- This site is optimized with the Yoast SEO plugin v27.4 - https:\/\/yoast.com\/product\/yoast-seo-wordpress\/ -->\n<title>Strand Hanko - Strand Suomi<\/title>\n<meta name=\"description\" content=\"I Strand Properties teamet i Hanko arbetar n\u00e5gra av branschens fr\u00e4msta fastighetsm\u00e4klare. Var och en av v\u00e5ra m\u00e4klare har flera \u00e5rs erfarenhet, djupg\u00e5ende kunskap om v\u00e4rdefulla bost\u00e4der och en genuin passion f\u00f6r att erbjuda exklusiv service till varje kund.\" \/>\n<meta name=\"robots\" content=\"noindex, follow\" \/>\n<meta property=\"og:locale\" content=\"sv_SE\" \/>\n<meta property=\"og:type\" content=\"article\" \/>\n<meta property=\"og:title\" content=\"Strand Hanko - Strand Suomi\" \/>\n<meta property=\"og:description\" content=\"I Strand Properties teamet i Hanko arbetar n\u00e5gra av branschens fr\u00e4msta fastighetsm\u00e4klare. Var och en av v\u00e5ra m\u00e4klare har flera \u00e5rs erfarenhet, djupg\u00e5ende kunskap om v\u00e4rdefulla bost\u00e4der och en genuin passion f\u00f6r att erbjuda exklusiv service till varje kund.\" \/>\n<meta property=\"og:url\" content=\"https:\/\/fi.strandproperties.com\/sv\/hango\/\" \/>\n<meta property=\"og:site_name\" content=\"Strand Suomi\" \/>\n<meta property=\"article:publisher\" content=\"https:\/\/www.facebook.com\/strandspain\" \/>\n<meta property=\"article:modified_time\" content=\"2026-02-19T06:15:29+00:00\" \/>\n<meta property=\"og:image\" content=\"https:\/\/fi.strandproperties.com\/wp-content\/uploads\/2025\/03\/strand-properties-logo.jpg\" \/>\n\t<meta property=\"og:image:width\" content=\"1200\" \/>\n\t<meta property=\"og:image:height\" content=\"750\" \/>\n\t<meta property=\"og:image:type\" content=\"image\/jpeg\" \/>\n<meta name=\"twitter:card\" content=\"summary_large_image\" \/>\n<script type=\"application\/ld+json\" class=\"yoast-schema-graph\">{\"@context\":\"https:\\\/\\\/schema.org\",\"@graph\":[{\"@type\":\"WebPage\",\"@id\":\"https:\\\/\\\/fi.strandproperties.com\\\/sv\\\/hango\\\/\",\"url\":\"https:\\\/\\\/fi.strandproperties.com\\\/sv\\\/hango\\\/\",\"name\":\"Strand Hanko - Strand Suomi\",\"isPartOf\":{\"@id\":\"https:\\\/\\\/fi.strandproperties.com\\\/sv\\\/#website\"},\"datePublished\":\"2026-02-16T11:41:57+00:00\",\"dateModified\":\"2026-02-19T06:15:29+00:00\",\"description\":\"I Strand Properties teamet i Hanko arbetar n\u00e5gra av branschens fr\u00e4msta fastighetsm\u00e4klare. Var och en av v\u00e5ra m\u00e4klare har flera \u00e5rs erfarenhet, djupg\u00e5ende kunskap om v\u00e4rdefulla bost\u00e4der och en genuin passion f\u00f6r att erbjuda exklusiv service till varje kund.\",\"breadcrumb\":{\"@id\":\"https:\\\/\\\/fi.strandproperties.com\\\/sv\\\/hango\\\/#breadcrumb\"},\"inLanguage\":\"sv-SE\",\"potentialAction\":[{\"@type\":\"ReadAction\",\"target\":[\"https:\\\/\\\/fi.strandproperties.com\\\/sv\\\/hango\\\/\"]}]},{\"@type\":\"BreadcrumbList\",\"@id\":\"https:\\\/\\\/fi.strandproperties.com\\\/sv\\\/hango\\\/#breadcrumb\",\"itemListElement\":[{\"@type\":\"ListItem\",\"position\":1,\"name\":\"Home\",\"item\":\"https:\\\/\\\/fi.strandproperties.com\\\/sv\\\/\"},{\"@type\":\"ListItem\",\"position\":2,\"name\":\"Strand Hang\u00f6\"}]},{\"@type\":\"WebSite\",\"@id\":\"https:\\\/\\\/fi.strandproperties.com\\\/sv\\\/#website\",\"url\":\"https:\\\/\\\/fi.strandproperties.com\\\/sv\\\/\",\"name\":\"Strand Suomi\",\"description\":\"\",\"publisher\":{\"@id\":\"https:\\\/\\\/fi.strandproperties.com\\\/sv\\\/#organization\"},\"potentialAction\":[{\"@type\":\"SearchAction\",\"target\":{\"@type\":\"EntryPoint\",\"urlTemplate\":\"https:\\\/\\\/fi.strandproperties.com\\\/sv\\\/?s={search_term_string}\"},\"query-input\":{\"@type\":\"PropertyValueSpecification\",\"valueRequired\":true,\"valueName\":\"search_term_string\"}}],\"inLanguage\":\"sv-SE\"},{\"@type\":\"Organization\",\"@id\":\"https:\\\/\\\/fi.strandproperties.com\\\/sv\\\/#organization\",\"name\":\"Strand Suomi\",\"url\":\"https:\\\/\\\/fi.strandproperties.com\\\/sv\\\/\",\"logo\":{\"@type\":\"ImageObject\",\"inLanguage\":\"sv-SE\",\"@id\":\"https:\\\/\\\/fi.strandproperties.com\\\/sv\\\/#\\\/schema\\\/logo\\\/image\\\/\",\"url\":\"https:\\\/\\\/fi.strandproperties.com\\\/wp-content\\\/uploads\\\/2024\\\/08\\\/logo_white.svg\",\"contentUrl\":\"https:\\\/\\\/fi.strandproperties.com\\\/wp-content\\\/uploads\\\/2024\\\/08\\\/logo_white.svg\",\"width\":676,\"height\":92,\"caption\":\"Strand Suomi\"},\"image\":{\"@id\":\"https:\\\/\\\/fi.strandproperties.com\\\/sv\\\/#\\\/schema\\\/logo\\\/image\\\/\"},\"sameAs\":[\"https:\\\/\\\/www.facebook.com\\\/strandspain\"]}]}<\/script>\n<!-- \/ Yoast SEO plugin. -->","yoast_head_json":{"title":"Strand Hanko - Strand Suomi","description":"I Strand Properties teamet i Hanko arbetar n\u00e5gra av branschens fr\u00e4msta fastighetsm\u00e4klare. Var och en av v\u00e5ra m\u00e4klare har flera \u00e5rs erfarenhet, djupg\u00e5ende kunskap om v\u00e4rdefulla bost\u00e4der och en genuin passion f\u00f6r att erbjuda exklusiv service till varje kund.","robots":{"index":"noindex","follow":"follow"},"og_locale":"sv_SE","og_type":"article","og_title":"Strand Hanko - Strand Suomi","og_description":"I Strand Properties teamet i Hanko arbetar n\u00e5gra av branschens fr\u00e4msta fastighetsm\u00e4klare. Var och en av v\u00e5ra m\u00e4klare har flera \u00e5rs erfarenhet, djupg\u00e5ende kunskap om v\u00e4rdefulla bost\u00e4der och en genuin passion f\u00f6r att erbjuda exklusiv service till varje kund.","og_url":"https:\/\/fi.strandproperties.com\/sv\/hango\/","og_site_name":"Strand Suomi","article_publisher":"https:\/\/www.facebook.com\/strandspain","article_modified_time":"2026-02-19T06:15:29+00:00","og_image":[{"width":1200,"height":750,"url":"https:\/\/fi.strandproperties.com\/wp-content\/uploads\/2025\/03\/strand-properties-logo.jpg","type":"image\/jpeg"}],"twitter_card":"summary_large_image","schema":{"@context":"https:\/\/schema.org","@graph":[{"@type":"WebPage","@id":"https:\/\/fi.strandproperties.com\/sv\/hango\/","url":"https:\/\/fi.strandproperties.com\/sv\/hango\/","name":"Strand Hanko - Strand Suomi","isPartOf":{"@id":"https:\/\/fi.strandproperties.com\/sv\/#website"},"datePublished":"2026-02-16T11:41:57+00:00","dateModified":"2026-02-19T06:15:29+00:00","description":"I Strand Properties teamet i Hanko arbetar n\u00e5gra av branschens fr\u00e4msta fastighetsm\u00e4klare. Var och en av v\u00e5ra m\u00e4klare har flera \u00e5rs erfarenhet, djupg\u00e5ende kunskap om v\u00e4rdefulla bost\u00e4der och en genuin passion f\u00f6r att erbjuda exklusiv service till varje kund.","breadcrumb":{"@id":"https:\/\/fi.strandproperties.com\/sv\/hango\/#breadcrumb"},"inLanguage":"sv-SE","potentialAction":[{"@type":"ReadAction","target":["https:\/\/fi.strandproperties.com\/sv\/hango\/"]}]},{"@type":"BreadcrumbList","@id":"https:\/\/fi.strandproperties.com\/sv\/hango\/#breadcrumb","itemListElement":[{"@type":"ListItem","position":1,"name":"Home","item":"https:\/\/fi.strandproperties.com\/sv\/"},{"@type":"ListItem","position":2,"name":"Strand Hang\u00f6"}]},{"@type":"WebSite","@id":"https:\/\/fi.strandproperties.com\/sv\/#website","url":"https:\/\/fi.strandproperties.com\/sv\/","name":"Strand Suomi","description":"","publisher":{"@id":"https:\/\/fi.strandproperties.com\/sv\/#organization"},"potentialAction":[{"@type":"SearchAction","target":{"@type":"EntryPoint","urlTemplate":"https:\/\/fi.strandproperties.com\/sv\/?s={search_term_string}"},"query-input":{"@type":"PropertyValueSpecification","valueRequired":true,"valueName":"search_term_string"}}],"inLanguage":"sv-SE"},{"@type":"Organization","@id":"https:\/\/fi.strandproperties.com\/sv\/#organization","name":"Strand Suomi","url":"https:\/\/fi.strandproperties.com\/sv\/","logo":{"@type":"ImageObject","inLanguage":"sv-SE","@id":"https:\/\/fi.strandproperties.com\/sv\/#\/schema\/logo\/image\/","url":"https:\/\/fi.strandproperties.com\/wp-content\/uploads\/2024\/08\/logo_white.svg","contentUrl":"https:\/\/fi.strandproperties.com\/wp-content\/uploads\/2024\/08\/logo_white.svg","width":676,"height":92,"caption":"Strand Suomi"},"image":{"@id":"https:\/\/fi.strandproperties.com\/sv\/#\/schema\/logo\/image\/"},"sameAs":["https:\/\/www.facebook.com\/strandspain"]}]}},"_links":{"self":[{"href":"https:\/\/fi.strandproperties.com\/sv\/wp-json\/wp\/v2\/pages\/7317","targetHints":{"allow":["GET"]}}],"collection":[{"href":"https:\/\/fi.strandproperties.com\/sv\/wp-json\/wp\/v2\/pages"}],"about":[{"href":"https:\/\/fi.strandproperties.com\/sv\/wp-json\/wp\/v2\/types\/page"}],"author":[{"embeddable":true,"href":"https:\/\/fi.strandproperties.com\/sv\/wp-json\/wp\/v2\/users\/12"}],"replies":[{"embeddable":true,"href":"https:\/\/fi.strandproperties.com\/sv\/wp-json\/wp\/v2\/comments?post=7317"}],"version-history":[{"count":3,"href":"https:\/\/fi.strandproperties.com\/sv\/wp-json\/wp\/v2\/pages\/7317\/revisions"}],"predecessor-version":[{"id":7327,"href":"https:\/\/fi.strandproperties.com\/sv\/wp-json\/wp\/v2\/pages\/7317\/revisions\/7327"}],"wp:attachment":[{"href":"https:\/\/fi.strandproperties.com\/sv\/wp-json\/wp\/v2\/media?parent=7317"}],"curies":[{"name":"wp","href":"https:\/\/api.w.org\/{rel}","templated":true}]}}